{"id":18,"date":"2019-06-22T14:11:47","date_gmt":"2019-06-22T12:11:47","guid":{"rendered":"http:\/\/odalric-studio.com\/?page_id=18"},"modified":"2020-11-29T20:47:46","modified_gmt":"2020-11-29T19:47:46","slug":"corporate","status":"publish","type":"page","link":"http:\/\/odalric-studio.com\/index.php\/corporate\/","title":{"rendered":"Vid\u00e9o d&rsquo;entreprise"},"content":{"rendered":"\n<p><strong>Besoin de communiquer ? Pensez \u00e0 la communication par l&rsquo;image <\/strong><\/p>\n\n\n\n<p>Odalric vous apporte conseil et r\u00e9alisation de productions de film ou vid\u00e9o d&rsquo;entreprise, \u00e0 usage interne ou externe, reportage journalistique, film produit, film s\u00e9curit\u00e9, film suivi de chantier, carte de visite audiovisuelle&#8230;  <\/p>\n\n\n\n<p>D&rsquo;une dur\u00e9e de 1 \u00e0 8 minutes, la r\u00e9alisation d&rsquo;un film ou d&rsquo;une vid\u00e9o d&rsquo;entreprise a pour objectif de pr\u00e9senter votre soci\u00e9t\u00e9, vos services, vos produits, vos actions, vos comp\u00e9tences et votre savoir-faire.<\/p>\n\n\n\n<figure class=\"wp-block-gallery columns-1 is-cropped\"><ul class=\"blocks-gallery-grid\"><li class=\"blocks-gallery-item\"><figure><img loading=\"lazy\" width=\"1024\" height=\"675\" src=\"http:\/\/odalric-studio.com\/wp-content\/uploads\/2019\/06\/IMG_2579-1024x675.jpg\" alt=\"\" data-id=\"7\" data-link=\"http:\/\/odalric-studio.com\/img_2579\/\" class=\"wp-image-7\" srcset=\"http:\/\/odalric-studio.com\/wp-content\/uploads\/2019\/06\/IMG_2579-1024x675.jpg 1024w, http:\/\/odalric-studio.com\/wp-content\/uploads\/2019\/06\/IMG_2579-300x198.jpg 300w, http:\/\/odalric-studio.com\/wp-content\/uploads\/2019\/06\/IMG_2579-768x506.jpg 768w\" sizes=\"(max-width: 1024px) 100vw, 1024px\" \/><\/figure><\/li><\/ul><\/figure>\n","protected":false},"excerpt":{"rendered":"<p>Besoin de communiquer ? Pensez \u00e0 la communication par l&rsquo;image Odalric vous apporte conseil et r\u00e9alisation de productions de film ou vid\u00e9o d&rsquo;entreprise, \u00e0 usage interne ou externe, reportage journalistique, film produit, film s\u00e9curit\u00e9, film suivi de chantier, carte de visite audiovisuelle&#8230; D&rsquo;une dur\u00e9e de 1 \u00e0 8 minutes, la r\u00e9alisation d&rsquo;un film ou d&rsquo;une [&hellip;]<\/p>\n","protected":false},"author":2,"featured_media":0,"parent":0,"menu_order":4,"comment_status":"closed","ping_status":"closed","template":"","meta":{"kt_blocks_editor_width":""},"_links":{"self":[{"href":"http:\/\/odalric-studio.com\/index.php\/wp-json\/wp\/v2\/pages\/18"}],"collection":[{"href":"http:\/\/odalric-studio.com\/index.php\/wp-json\/wp\/v2\/pages"}],"about":[{"href":"http:\/\/odalric-studio.com\/index.php\/wp-json\/wp\/v2\/types\/page"}],"author":[{"embeddable":true,"href":"http:\/\/odalric-studio.com\/index.php\/wp-json\/wp\/v2\/users\/2"}],"replies":[{"embeddable":true,"href":"http:\/\/odalric-studio.com\/index.php\/wp-json\/wp\/v2\/comments?post=18"}],"version-history":[{"count":11,"href":"http:\/\/odalric-studio.com\/index.php\/wp-json\/wp\/v2\/pages\/18\/revisions"}],"predecessor-version":[{"id":2656,"href":"http:\/\/odalric-studio.com\/index.php\/wp-json\/wp\/v2\/pages\/18\/revisions\/2656"}],"wp:attachment":[{"href":"http:\/\/odalric-studio.com\/index.php\/wp-json\/wp\/v2\/media?parent=18"}],"curies":[{"name":"wp","href":"https:\/\/api.w.org\/{rel}","templated":true}]}}